{"id":2171,"date":"2025-08-15T15:25:42","date_gmt":"2025-08-15T19:25:42","guid":{"rendered":"https:\/\/valvesetcontrolesmf.ca\/?post_type=product&#038;p=2171"},"modified":"2025-08-15T23:23:36","modified_gmt":"2025-08-16T03:23:36","slug":"leslie-serie-dboy-globe-industrie-generale","status":"publish","type":"product","link":"https:\/\/valvesetcontrolesmf.ca\/fr\/produit\/leslie-serie-dboy-globe-industrie-generale\/","title":{"rendered":"Leslie s\u00e9rie DBOY Globe Industrie g\u00e9n\u00e9rale"},"content":{"rendered":"<p>Veuillez<a href=\"http:\/\/valvesetcontrolesmf.ca\/nous-joindre\/\"><span style=\"text-decoration: underline;\"> nous contacter<\/span><\/a>\u00a0pour les\u00a0sp\u00e9cifications et pour solution personnalis\u00e9e.<\/p>\n","protected":false},"excerpt":{"rendered":"<p>Veuillez nous contacter\u00a0pour les\u00a0sp\u00e9cifications et pour solution personnalis\u00e9e.<\/p>\n","protected":false},"featured_media":1307,"template":"","meta":[],"product_brand":[],"product_cat":[387],"product_tag":[],"class_list":{"0":"post-2171","1":"product","2":"type-product","3":"status-publish","4":"has-post-thumbnail","6":"product_cat-valves-de-controle","8":"first","9":"instock","10":"shipping-taxable","11":"product-type-simple"},"_links":{"self":[{"href":"https:\/\/valvesetcontrolesmf.ca\/fr\/wp-json\/wp\/v2\/product\/2171","targetHints":{"allow":["GET"]}}],"collection":[{"href":"https:\/\/valvesetcontrolesmf.ca\/fr\/wp-json\/wp\/v2\/product"}],"about":[{"href":"https:\/\/valvesetcontrolesmf.ca\/fr\/wp-json\/wp\/v2\/types\/product"}],"wp:featuredmedia":[{"embeddable":true,"href":"https:\/\/valvesetcontrolesmf.ca\/fr\/wp-json\/wp\/v2\/media\/1307"}],"wp:attachment":[{"href":"https:\/\/valvesetcontrolesmf.ca\/fr\/wp-json\/wp\/v2\/media?parent=2171"}],"wp:term":[{"taxonomy":"product_brand","embeddable":true,"href":"https:\/\/valvesetcontrolesmf.ca\/fr\/wp-json\/wp\/v2\/product_brand?post=2171"},{"taxonomy":"product_cat","embeddable":true,"href":"https:\/\/valvesetcontrolesmf.ca\/fr\/wp-json\/wp\/v2\/product_cat?post=2171"},{"taxonomy":"product_tag","embeddable":true,"href":"https:\/\/valvesetcontrolesmf.ca\/fr\/wp-json\/wp\/v2\/product_tag?post=2171"}],"curies":[{"name":"wp","href":"https:\/\/api.w.org\/{rel}","templated":true}]}}