{"id":826,"date":"2018-10-08T21:22:14","date_gmt":"2018-10-08T21:22:14","guid":{"rendered":"http:\/\/valvesetcontrolesmf.ca\/?page_id=826"},"modified":"2025-09-11T17:02:43","modified_gmt":"2025-09-11T21:02:43","slug":"services","status":"publish","type":"page","link":"https:\/\/valvesetcontrolesmf.ca\/fr\/services\/","title":{"rendered":"Services"},"content":{"rendered":"\n\t<section class=\"section\" id=\"section_672028712\">\n\t\t<div class=\"section-bg fill\" >\n\t\t\t\t\t\t\t\t\t\n\t\t\t\n\n\t\t<\/div>\n\n\t\t\n\n\t\t<div class=\"section-content relative\">\n\t\t\t\n\n  <div class=\"banner has-hover has-parallax\" id=\"banner-1979325960\">\n          <div class=\"banner-inner fill\">\n        <div class=\"banner-bg fill\" data-parallax=\"-4\" data-parallax-container=\".banner\" data-parallax-background>\n            <img loading=\"lazy\" decoding=\"async\" width=\"1000\" height=\"339\" src=\"https:\/\/valvesetcontrolesmf.ca\/wp-content\/uploads\/2019\/02\/slide-1-1400x474.jpg\" class=\"bg attachment-large size-large\" alt=\"\" \/>                        <div class=\"overlay\"><\/div>            \n                    <\/div>\n\t\t\n        <div class=\"banner-layers container\">\n            <div class=\"fill banner-link\"><\/div>            \n   <div id=\"text-box-262996488\" class=\"text-box banner-layer x0 md-x0 lg-x0 y50 md-y50 lg-y50 res-text\">\n                                <div class=\"text-box-content text dark\">\n              \n              <div class=\"text-inner text-center\">\n                  \n<h1 class=\"uppercase lead thin-font\" style=\"text-align: left;\"><span style=\"font-size: 90%;\">NOS SERVICES<\/span><\/h1>\n              <\/div>\n           <\/div>\n                            \n<style>\n#text-box-262996488 {\n  width: 90%;\n}\n#text-box-262996488 .text-box-content {\n  font-size: 100%;\n}\n@media (min-width:550px) {\n  #text-box-262996488 {\n    width: 46%;\n  }\n}\n<\/style>\n    <\/div>\n \n        <\/div>\n      <\/div>\n\n            \n<style>\n#banner-1979325960 {\n  padding-top: 241px;\n}\n#banner-1979325960 .overlay {\n  background-color: rgba(0, 0, 0, 0.69);\n}\n#banner-1979325960 .banner-bg img {\n  object-position: 32% 0%;\n}\n<\/style>\n  <\/div>\n\n\n\t\t<\/div>\n\n\t\t\n<style>\n#section_672028712 {\n  padding-top: 0px;\n  padding-bottom: 0px;\n}\n<\/style>\n\t<\/section>\n\t\n\n\t<section class=\"section\" id=\"section_63654922\">\n\t\t<div class=\"section-bg fill\" >\n\t\t\t\t\t\t\t\t\t\n\t\t\t\n\n\t\t<\/div>\n\n\t\t\n\n\t\t<div class=\"section-content relative\">\n\t\t\t\n<div class=\"row\"  id=\"row-757525233\">\n\n\t<div id=\"col-532365283\" class=\"col medium-3 small-12 large-3\"  >\n\t\t\t\t<div class=\"col-inner\"  >\n\t\t\t\n\t\t\t\n\t<div class=\"img has-hover x md-x lg-x y md-y lg-y\" id=\"image_2011499132\">\n\t\t\t\t\t\t\t\t<div class=\"img-inner dark\" >\n\t\t\t<img loading=\"lazy\" decoding=\"async\" width=\"626\" height=\"528\" src=\"https:\/\/valvesetcontrolesmf.ca\/wp-content\/uploads\/2021\/01\/circor-select-expert-1.jpg\" class=\"attachment-large size-large\" alt=\"\" srcset=\"https:\/\/valvesetcontrolesmf.ca\/wp-content\/uploads\/2021\/01\/circor-select-expert-1.jpg 626w, https:\/\/valvesetcontrolesmf.ca\/wp-content\/uploads\/2021\/01\/circor-select-expert-1-500x422.jpg 500w\" sizes=\"auto, (max-width: 626px) 100vw, 626px\" \/>\t\t\t\t\t\t\n\t\t\t\t\t<\/div>\n\t\t\t\t\t\t\t\t\n<style>\n#image_2011499132 {\n  width: 100%;\n}\n<\/style>\n\t<\/div>\n\t\n\t\t<\/div>\n\t\t\t\t\t<\/div>\n\n\t\n\n\t<div id=\"col-73698156\" class=\"col medium-9 small-12 large-9\"  >\n\t\t\t\t<div class=\"col-inner\"  >\n\t\t\t\n\t\t\t\n<span class=\"scroll-to\" data-label=\"Scroll to: #expert-conseil\" data-bullet=\"false\" data-link=\"#expert-conseil\" data-title=\"Change this\"><a name=\"expert-conseil\"><\/a><\/span>\n\t<div id=\"gap-1153630415\" class=\"gap-element clearfix\" style=\"display:block; height:auto;\">\n\t\t\n<style>\n#gap-1153630415 {\n  padding-top: 30px;\n}\n<\/style>\n\t<\/div>\n\t\n<h2 class=\"thin-font\" style=\"text-align: left;\"><strong>Solutions Technique et Maintenance<\/strong><\/h2>\n<div class=\"is-divider divider clearfix\" style=\"margin-top:0.4em;margin-bottom:0.4em;max-width:151px;height:6px;\"><\/div>\n<div style=\"text-align: justify;\">\n<p>Notre \u00e9quipe peut vous assister avec les services suivants\u00a0:<\/p>\n<ul>\n<li>Le dimensionnement de vannes de contr\u00f4les, r\u00e9gulateurs de r\u00e9duction de pression, chauffe-eau instantan\u00e9s, purgeurs de vapeur, syst\u00e8mes de pompage de condensat et autres valves.<\/li>\n<\/ul>\n<ul>\n<li>Analyse et recommandation des donn\u00e9es de performance d\u2019une valve de contr\u00f4le ou r\u00e9gulatrice.<\/li>\n<\/ul>\n<ul>\n<li>Les bonnes pratiques et conseils. Profitez de nos ann\u00e9es d&rsquo;exp\u00e9rience au-del\u00e0 des bulletins et manuels de maintenance des fabricants.<\/li>\n<\/ul>\n<ul>\n<li>Acc\u00e8s \u00e0 l&rsquo;expertise et assistance de nos ing\u00e9nieurs pour r\u00e9pondre \u00e0 vos applications complexes et incertaines.<\/li>\n<\/ul>\n<ul>\n<li>Assistance sur les recommandations d\u2019Installation, l&rsquo;Op\u00e9ration et la Maintenance.<\/li>\n<\/ul>\n<\/div>\n\t\t<\/div>\n\t\t\t\t\t<\/div>\n\n\t\n<\/div>\n\t\t<\/div>\n\n\t\t\n<style>\n#section_63654922 {\n  padding-top: 51px;\n  padding-bottom: 51px;\n}\n<\/style>\n\t<\/section>\n\t\n\n\t<section class=\"section\" id=\"section_1713487978\">\n\t\t<div class=\"section-bg fill\" >\n\t\t\t\t\t\t\t\t\t\n\t\t\t\n\n\t\t<\/div>\n\n\t\t\n\n\t\t<div class=\"section-content relative\">\n\t\t\t\n<div class=\"row\"  id=\"row-1756891814\">\n\n\t<div id=\"col-2080690919\" class=\"col medium-3 small-12 large-3\"  >\n\t\t\t\t<div class=\"col-inner\"  >\n\t\t\t\n\t\t\t\n\t<div class=\"img has-hover x md-x lg-x y md-y lg-y\" id=\"image_1096264968\">\n\t\t\t\t\t\t\t\t<div class=\"img-inner dark\" >\n\t\t\t<img loading=\"lazy\" decoding=\"async\" width=\"572\" height=\"365\" src=\"https:\/\/valvesetcontrolesmf.ca\/wp-content\/uploads\/2019\/02\/truck.jpg\" class=\"attachment-large size-large\" alt=\"\" srcset=\"https:\/\/valvesetcontrolesmf.ca\/wp-content\/uploads\/2019\/02\/truck.jpg 572w, https:\/\/valvesetcontrolesmf.ca\/wp-content\/uploads\/2019\/02\/truck-500x319.jpg 500w\" sizes=\"auto, (max-width: 572px) 100vw, 572px\" \/>\t\t\t\t\t\t\n\t\t\t\t\t<\/div>\n\t\t\t\t\t\t\t\t\n<style>\n#image_1096264968 {\n  width: 100%;\n}\n<\/style>\n\t<\/div>\n\t\n\t\t<\/div>\n\t\t\t\t\t<\/div>\n\n\t\n\n\t<div id=\"col-1054917580\" class=\"col medium-9 small-12 large-9\"  >\n\t\t\t\t<div class=\"col-inner\"  >\n\t\t\t\n\t\t\t\n<span class=\"scroll-to\" data-label=\"Scroll to: #services-techniques\" data-bullet=\"false\" data-link=\"#services-techniques\" data-title=\"Change this\"><a name=\"services-techniques\"><\/a><\/span>\n\t<div id=\"gap-1619280424\" class=\"gap-element clearfix\" style=\"display:block; height:auto;\">\n\t\t\n<style>\n#gap-1619280424 {\n  padding-top: 30px;\n}\n<\/style>\n\t<\/div>\n\t\n<h2 class=\"thin-font\" style=\"text-align: left;\"><strong>Service unit\u00e9 Mobile<\/strong><\/h2>\n<div class=\"is-divider divider clearfix\" style=\"margin-top:0.4em;margin-bottom:0.4em;max-width:151px;height:6px;\"><\/div>\n<div style=\"text-align: justify;\">\n<p>Unit\u00e9 mobile VCMF Service Technique\u00a0:<\/p>\n<ul>\n<li>Le diagnostique, d\u00e9pannage et support sur place de nos produits<\/li>\n<\/ul>\n<ul>\n<li>Avec notre unit\u00e9 mobile, nous pouvons intervenir rapidement er r\u00e9duire le temps d\u2019arr\u00eat de production<\/li>\n<\/ul>\n<ul>\n<li>Livraison sur place en cas d\u2019urgence. 24h\/24 et 7j\/7.<\/li>\n<\/ul>\n<ul>\n<li>Inventaire strat\u00e9gique de pi\u00e8ces de rechange d\u2019origine (OEM) et de valves neuves pour r\u00e9pondre \u00e0 vos besoins dans les meilleurs d\u00e9lais.<\/li>\n<\/ul>\n<\/div>\n\t\t<\/div>\n\t\t\t\t\t<\/div>\n\n\t\n<\/div>\n\t\t<\/div>\n\n\t\t\n<style>\n#section_1713487978 {\n  padding-top: 54px;\n  padding-bottom: 54px;\n  background-color: rgb(228, 228, 228);\n}\n<\/style>\n\t<\/section>\n\t\n\n\t<section class=\"section\" id=\"section_1392347775\">\n\t\t<div class=\"section-bg fill\" >\n\t\t\t\t\t\t\t\t\t\n\t\t\t\n\n\t\t<\/div>\n\n\t\t\n\n\t\t<div class=\"section-content relative\">\n\t\t\t\n<div class=\"row\"  id=\"row-1805081313\">\n\n\t<div id=\"col-525199792\" class=\"col medium-3 small-12 large-3\"  >\n\t\t\t\t<div class=\"col-inner\"  >\n\t\t\t\n\t\t\t\n\t<div class=\"img has-hover x md-x lg-x y md-y lg-y\" id=\"image_879797837\">\n\t\t\t\t\t\t\t\t<div class=\"img-inner dark\" >\n\t\t\t<img loading=\"lazy\" decoding=\"async\" width=\"640\" height=\"960\" src=\"https:\/\/valvesetcontrolesmf.ca\/wp-content\/uploads\/2021\/01\/reparation-de-valves.jpg\" class=\"attachment-large size-large\" alt=\"\" srcset=\"https:\/\/valvesetcontrolesmf.ca\/wp-content\/uploads\/2021\/01\/reparation-de-valves.jpg 640w, https:\/\/valvesetcontrolesmf.ca\/wp-content\/uploads\/2021\/01\/reparation-de-valves-500x750.jpg 500w, https:\/\/valvesetcontrolesmf.ca\/wp-content\/uploads\/2021\/01\/reparation-de-valves-533x800.jpg 533w\" sizes=\"auto, (max-width: 640px) 100vw, 640px\" \/>\t\t\t\t\t\t\n\t\t\t\t\t<\/div>\n\t\t\t\t\t\t\t\t\n<style>\n#image_879797837 {\n  width: 100%;\n}\n<\/style>\n\t<\/div>\n\t\n\t\t<\/div>\n\t\t\t\t\t<\/div>\n\n\t\n\n\t<div id=\"col-2120128154\" class=\"col medium-9 small-12 large-9\"  >\n\t\t\t\t<div class=\"col-inner\"  >\n\t\t\t\n\t\t\t\n<span class=\"scroll-to\" data-label=\"Scroll to: #reparations\" data-bullet=\"false\" data-link=\"#reparations\" data-title=\"Change this\"><a name=\"reparations\"><\/a><\/span>\n\t<div id=\"gap-1577382628\" class=\"gap-element clearfix\" style=\"display:block; height:auto;\">\n\t\t\n<style>\n#gap-1577382628 {\n  padding-top: 30px;\n}\n<\/style>\n\t<\/div>\n\t\n<h2 class=\"thin-font\" style=\"text-align: left;\"><strong>Atelier de R\u00e9paration<\/strong><\/h2>\n<div class=\"is-divider divider clearfix\" style=\"margin-top:0.4em;margin-bottom:0.4em;max-width:151px;height:6px;\"><\/div>\n<div style=\"text-align: justify;\">\n<ul>\n<li>Nous r\u00e9parons tous types de vannes industrielles et des vannes de m\u00e9lange pour chauffe-eau (LESLIE et GRAHAM), <strong>y compris les soupapes de s\u00fbret\u00e9 conform\u00e9ment aux normes ASME et NB avec certification<\/strong>.<\/li>\n<\/ul>\n<ul>\n<li>Nos r\u00e9parations et reconditionnement des vannes respectent les normes OEM utilis\u00e9es par le fabricant. Nous utilisons uniquement des pi\u00e8ces d&rsquo;origine.<\/li>\n<\/ul>\n<ul>\n<li>Nos r\u00e9parations inclus l&rsquo;inspection, le nettoyage, l&rsquo;usinage, la reconstruction, la peinture et les essais de fonctionnement \u00e0 l&rsquo;atelier. Des rapports d&rsquo;inspection d\u00e9taill\u00e9s avec analyse et des recommandations sont fournis.<\/li>\n<\/ul>\n<\/div>\n\t\t<\/div>\n\t\t\t\t\t<\/div>\n\n\t\n<\/div>\n\t\t<\/div>\n\n\t\t\n<style>\n#section_1392347775 {\n  padding-top: 51px;\n  padding-bottom: 51px;\n}\n<\/style>\n\t<\/section>\n\t\n\n\t<section class=\"section\" id=\"section_316201431\">\n\t\t<div class=\"section-bg fill\" >\n\t\t\t\t\t\t\t\t\t\n\t\t\t\n\n\t\t<\/div>\n\n\t\t\n\n\t\t<div class=\"section-content relative\">\n\t\t\t\n<div class=\"row\"  id=\"row-641948708\">\n\n\t<div id=\"col-1868700580\" class=\"col medium-3 small-12 large-3\"  >\n\t\t\t\t<div class=\"col-inner\"  >\n\t\t\t\n\t\t\t\n\t<div class=\"img has-hover x md-x lg-x y md-y lg-y\" id=\"image_2014407738\">\n\t\t\t\t\t\t\t\t<div class=\"img-inner dark\" >\n\t\t\t<img loading=\"lazy\" decoding=\"async\" width=\"640\" height=\"960\" src=\"https:\/\/valvesetcontrolesmf.ca\/wp-content\/uploads\/2021\/01\/Automation-1.jpg\" class=\"attachment-large size-large\" alt=\"\" srcset=\"https:\/\/valvesetcontrolesmf.ca\/wp-content\/uploads\/2021\/01\/Automation-1.jpg 640w, https:\/\/valvesetcontrolesmf.ca\/wp-content\/uploads\/2021\/01\/Automation-1-500x750.jpg 500w, https:\/\/valvesetcontrolesmf.ca\/wp-content\/uploads\/2021\/01\/Automation-1-533x800.jpg 533w\" sizes=\"auto, (max-width: 640px) 100vw, 640px\" \/>\t\t\t\t\t\t\n\t\t\t\t\t<\/div>\n\t\t\t\t\t\t\t\t\n<style>\n#image_2014407738 {\n  width: 100%;\n}\n<\/style>\n\t<\/div>\n\t\n\t\t<\/div>\n\t\t\t\t\t<\/div>\n\n\t\n\n\t<div id=\"col-488087151\" class=\"col medium-9 small-12 large-9\"  >\n\t\t\t\t<div class=\"col-inner\"  >\n\t\t\t\n\t\t\t\n<span class=\"scroll-to\" data-label=\"Scroll to: #maintenance\" data-bullet=\"false\" data-link=\"#maintenance\" data-title=\"Change this\"><a name=\"maintenance\"><\/a><\/span>\n\t<div id=\"gap-1365365382\" class=\"gap-element clearfix\" style=\"display:block; height:auto;\">\n\t\t\n<style>\n#gap-1365365382 {\n  padding-top: 30px;\n}\n<\/style>\n\t<\/div>\n\t\n<h2 class=\"thin-font\" style=\"text-align: left;\"><strong>Automation de Vannes<\/strong><\/h2>\n<div class=\"is-divider divider clearfix\" style=\"margin-top:0.4em;margin-bottom:0.4em;max-width:151px;height:6px;\"><\/div>\n<div style=\"text-align: justify;\">\n<ul>\n<li>Nous pouvons automatiser vos vannes \u00e0 billes, papillons et de contr\u00f4le avec un actionneur pneumatique ou \u00e9lectrique, y compris le calibrage et le r\u00e9glage pr\u00e9cis des positionneurs et les accessoires auxiliaires.<\/li>\n<\/ul>\n<p>\u00a0<\/p>\n<p>\u00a0<\/p>\n<p>\u00a0<\/p>\n<\/div>\n<p>\u00a0<\/p>\n<div style=\"text-align: justify;\">\n<p>\u00a0<\/p>\n<p>\u00a0<\/p>\n<p>Communiquer avec nous si vous avez des questions.<\/p>\n<\/div>\n\t\t<\/div>\n\t\t\t\t\t<\/div>\n\n\t\n<\/div>\n\t\t<\/div>\n\n\t\t\n<style>\n#section_316201431 {\n  padding-top: 54px;\n  padding-bottom: 54px;\n  background-color: rgb(228, 228, 228);\n}\n<\/style>\n\t<\/section>\n\t\n\n\t<section class=\"section\" id=\"section_2127533254\">\n\t\t<div class=\"section-bg fill\" >\n\t\t\t\t\t\t\t\t\t\n\t\t\t\n\n\t\t<\/div>\n\n\t\t\n\n\t\t<div class=\"section-content relative\">\n\t\t\t\n<div class=\"row\"  id=\"row-800549607\">\n\n\t<div id=\"col-344037179\" class=\"col medium-3 small-12 large-3\"  >\n\t\t\t\t<div class=\"col-inner\"  >\n\t\t\t\n\t\t\t\n\t\t<\/div>\n\t\t\t\t\t<\/div>\n\n\t\n\n\t<div id=\"col-1077555482\" class=\"col medium-9 small-12 large-9\"  >\n\t\t\t\t<div class=\"col-inner\"  >\n\t\t\t\n\t\t\t\n<span class=\"scroll-to\" data-label=\"Scroll to: #demarrage\" data-bullet=\"false\" data-link=\"#demarrage\" data-title=\"Change this\"><a name=\"demarrage\"><\/a><\/span>\n\t<div id=\"gap-854153473\" class=\"gap-element clearfix\" style=\"display:block; height:auto;\">\n\t\t\n<style>\n#gap-854153473 {\n  padding-top: 30px;\n}\n<\/style>\n\t<\/div>\n\t\n<div class=\"is-divider divider clearfix\" style=\"margin-top:0.4em;margin-bottom:0.4em;max-width:151px;height:6px;\"><\/div>\n\t\t<\/div>\n\t\t\t\t\t<\/div>\n\n\t\n<\/div>\n\t\t<\/div>\n\n\t\t\n<style>\n#section_2127533254 {\n  padding-top: 51px;\n  padding-bottom: 51px;\n}\n<\/style>\n\t<\/section>\n\t\n","protected":false},"excerpt":{"rendered":"","protected":false},"author":1,"featured_media":0,"parent":0,"menu_order":0,"comment_status":"closed","ping_status":"closed","template":"page-blank.php","meta":{"footnotes":""},"class_list":["post-826","page","type-page","status-publish","hentry"],"_links":{"self":[{"href":"https:\/\/valvesetcontrolesmf.ca\/fr\/wp-json\/wp\/v2\/pages\/826","targetHints":{"allow":["GET"]}}],"collection":[{"href":"https:\/\/valvesetcontrolesmf.ca\/fr\/wp-json\/wp\/v2\/pages"}],"about":[{"href":"https:\/\/valvesetcontrolesmf.ca\/fr\/wp-json\/wp\/v2\/types\/page"}],"author":[{"embeddable":true,"href":"https:\/\/valvesetcontrolesmf.ca\/fr\/wp-json\/wp\/v2\/users\/1"}],"replies":[{"embeddable":true,"href":"https:\/\/valvesetcontrolesmf.ca\/fr\/wp-json\/wp\/v2\/comments?post=826"}],"version-history":[{"count":87,"href":"https:\/\/valvesetcontrolesmf.ca\/fr\/wp-json\/wp\/v2\/pages\/826\/revisions"}],"predecessor-version":[{"id":2268,"href":"https:\/\/valvesetcontrolesmf.ca\/fr\/wp-json\/wp\/v2\/pages\/826\/revisions\/2268"}],"wp:attachment":[{"href":"https:\/\/valvesetcontrolesmf.ca\/fr\/wp-json\/wp\/v2\/media?parent=826"}],"curies":[{"name":"wp","href":"https:\/\/api.w.org\/{rel}","templated":true}]}}