{"id":1335,"date":"2019-02-10T22:22:44","date_gmt":"2019-02-10T22:22:44","guid":{"rendered":"http:\/\/valvesetcontrolesmf.ca\/?page_id=1335"},"modified":"2025-08-25T14:35:46","modified_gmt":"2025-08-25T18:35:46","slug":"autres-produits","status":"publish","type":"page","link":"https:\/\/valvesetcontrolesmf.ca\/fr\/autres-produits\/","title":{"rendered":"Autres Produits de Valves"},"content":{"rendered":"\n\t<section class=\"section\" id=\"section_474340069\">\n\t\t<div class=\"section-bg fill\" >\n\t\t\t\t\t\t\t\t\t\n\t\t\t\n\n\t\t<\/div>\n\n\t\t\n\n\t\t<div class=\"section-content relative\">\n\t\t\t\n\n  <div class=\"banner has-hover has-parallax\" id=\"banner-2038545549\">\n          <div class=\"banner-inner fill\">\n        <div class=\"banner-bg fill\" data-parallax=\"-4\" data-parallax-container=\".banner\" data-parallax-background>\n            <img loading=\"lazy\" decoding=\"async\" width=\"1000\" height=\"339\" src=\"https:\/\/valvesetcontrolesmf.ca\/wp-content\/uploads\/2019\/02\/slide-1-1400x474.jpg\" class=\"bg attachment-large size-large\" alt=\"\" \/>                        <div class=\"overlay\"><\/div>            \n                    <\/div>\n\t\t\n        <div class=\"banner-layers container\">\n            <div class=\"fill banner-link\"><\/div>            \n   <div id=\"text-box-1559332415\" class=\"text-box banner-layer x0 md-x0 lg-x0 y50 md-y50 lg-y50 res-text\">\n                                <div class=\"text-box-content text dark\">\n              \n              <div class=\"text-inner text-center\">\n                  \n<h1 class=\"uppercase lead thin-font\" style=\"text-align: left;\"><span style=\"font-size: 75%;\">AUTRES PRODUITs de Valves<\/span><\/h1>\n              <\/div>\n           <\/div>\n                            \n<style>\n#text-box-1559332415 {\n  width: 90%;\n}\n#text-box-1559332415 .text-box-content {\n  font-size: 100%;\n}\n@media (min-width:550px) {\n  #text-box-1559332415 {\n    width: 46%;\n  }\n}\n<\/style>\n    <\/div>\n \n        <\/div>\n      <\/div>\n\n            \n<style>\n#banner-2038545549 {\n  padding-top: 241px;\n}\n#banner-2038545549 .overlay {\n  background-color: rgba(0, 0, 0, 0.69);\n}\n#banner-2038545549 .banner-bg img {\n  object-position: 32% 0%;\n}\n<\/style>\n  <\/div>\n\n\n\t\t<\/div>\n\n\t\t\n<style>\n#section_474340069 {\n  padding-top: 0px;\n  padding-bottom: 0px;\n}\n<\/style>\n\t<\/section>\n\t\n\n\t<section class=\"section\" id=\"section_970308802\">\n\t\t<div class=\"section-bg fill\" >\n\t\t\t\t\t\t\t\t\t\n\t\t\t\n\n\t\t<\/div>\n\n\t\t\n\n\t\t<div class=\"section-content relative\">\n\t\t\t\n<div class=\"row\"  id=\"row-1620606912\">\n\n\t<div id=\"col-1165712072\" class=\"col medium-9 small-12 large-9\"  >\n\t\t\t\t<div class=\"col-inner\"  >\n\t\t\t\n\t\t\t\n<p>Valves et Cont\u00f4les MF est toujours \u00e0 l&rsquo;\u00e9coute\u00a0 de ses clients pour leur fournir des solutions sur mesure et des produits de qualit\u00e9 sup\u00e9rieure.\u00a0\u00a0<\/p>\n<p>Au-del\u00e0 de ce qui est r\u00e9pertori\u00e9 sur notre page de produits, nous fournissons toutes sortes de vannes \u00e0 notre client\u00e8le.\u00a0 Il suffit de nous appeler et de nous confie la t\u00e2che \u00e0 trouver vos besoins.<\/p>\n<p><strong>Voici une courte liste des autres produits que nous offrons:<\/strong><\/p>\n<div class=\"row\"  id=\"row-1667141085\">\n\n\t<div id=\"col-1550164622\" class=\"col medium-5 small-12 large-5\"  >\n\t\t\t\t<div class=\"col-inner\"  >\n\t\t\t\n\t\t\t\n<ul class=\"list p3\">\n<li class=\"bullet-checkmark\"><strong>Soupape de s\u00fbret\u00e9:<\/strong> Kunkle, Apollo et RockWood Swendeman (Nettoy\u00e9 \u00e0 l&rsquo;Oxyg\u00e8ne)\u00a0<\/li>\n<li class=\"bullet-checkmark\"><strong>Vannes de m\u00e9lange \u00e0 trois voies Thermostatique et \u00c9lectronique<\/strong>: AMOT, FPE, HEAT TIMER<\/li>\n<li class=\"bullet-checkmark\"><b>Vannes de type Gate, Globe. \u00e0 Billes et Papillon<\/b><\/li>\n<li class=\"bullet-checkmark\"><strong>Vannes et Fournitures pour Chaudi\u00e8res:<\/strong><\/li>\n<li class=\"bullet-checkmark\">est <strong>Vannes et accessoires diverses<\/strong><\/li>\n<\/ul>\n\t\t<\/div>\n\t\t\t\t\t<\/div>\n\n\t\n<\/div>\n\t\t<\/div>\n\t\t\t\t\t<\/div>\n\n\t\n<\/div>\n\t\t<\/div>\n\n\t\t\n<style>\n#section_970308802 {\n  padding-top: 30px;\n  padding-bottom: 30px;\n}\n<\/style>\n\t<\/section>\n\t\n","protected":false},"excerpt":{"rendered":"","protected":false},"author":1,"featured_media":0,"parent":0,"menu_order":0,"comment_status":"closed","ping_status":"closed","template":"page-blank.php","meta":{"footnotes":""},"class_list":["post-1335","page","type-page","status-publish","hentry"],"_links":{"self":[{"href":"https:\/\/valvesetcontrolesmf.ca\/fr\/wp-json\/wp\/v2\/pages\/1335","targetHints":{"allow":["GET"]}}],"collection":[{"href":"https:\/\/valvesetcontrolesmf.ca\/fr\/wp-json\/wp\/v2\/pages"}],"about":[{"href":"https:\/\/valvesetcontrolesmf.ca\/fr\/wp-json\/wp\/v2\/types\/page"}],"author":[{"embeddable":true,"href":"https:\/\/valvesetcontrolesmf.ca\/fr\/wp-json\/wp\/v2\/users\/1"}],"replies":[{"embeddable":true,"href":"https:\/\/valvesetcontrolesmf.ca\/fr\/wp-json\/wp\/v2\/comments?post=1335"}],"version-history":[{"count":25,"href":"https:\/\/valvesetcontrolesmf.ca\/fr\/wp-json\/wp\/v2\/pages\/1335\/revisions"}],"predecessor-version":[{"id":2212,"href":"https:\/\/valvesetcontrolesmf.ca\/fr\/wp-json\/wp\/v2\/pages\/1335\/revisions\/2212"}],"wp:attachment":[{"href":"https:\/\/valvesetcontrolesmf.ca\/fr\/wp-json\/wp\/v2\/media?parent=1335"}],"curies":[{"name":"wp","href":"https:\/\/api.w.org\/{rel}","templated":true}]}}